{"id":905,"date":"2025-06-11T11:33:42","date_gmt":"2025-06-11T11:33:42","guid":{"rendered":"https:\/\/www.pil-online.org\/?page_id=905"},"modified":"2025-06-17T18:05:26","modified_gmt":"2025-06-17T17:05:26","slug":"connexion","status":"publish","type":"page","link":"https:\/\/www.pil-online.org\/fr\/connexion\/","title":{"rendered":"connexion"},"content":{"rendered":"<div data-elementor-type=\"wp-page\" data-elementor-id=\"905\" class=\"elementor elementor-905\" data-elementor-post-type=\"page\">\n\t\t\t\t<div class=\"elementor-element elementor-element-71097f3 e-con-full e-flex e-con e-parent\" data-id=\"71097f3\" data-element_type=\"container\" data-e-type=\"container\">\n\t\t<div class=\"elementor-element elementor-element-0684cce e-con-full e-flex e-con e-child\" data-id=\"0684cce\" data-element_type=\"container\" data-e-type=\"container\" data-settings=\"{&quot;background_background&quot;:&quot;classic&quot;}\">\n\t\t\t\t<div class=\"elementor-element elementor-element-be477b6 elementor-widget elementor-widget-heading\" data-id=\"be477b6\" data-element_type=\"widget\" data-e-type=\"widget\" data-widget_type=\"heading.default\">\n\t\t\t\t<div class=\"elementor-widget-container\">\n\t\t\t\t\t<h2 class=\"elementor-heading-title elementor-size-default\">Access reserved for members<\/h2>\t\t\t\t<\/div>\n\t\t\t\t<\/div>\n\t\t\t\t<div class=\"elementor-element elementor-element-f387423 elementor-widget elementor-widget-text-editor\" data-id=\"f387423\" data-element_type=\"widget\" data-e-type=\"widget\" data-widget_type=\"text-editor.default\">\n\t\t\t\t<div class=\"elementor-widget-container\">\n\t\t\t\t\t\t\t\t\t<p>Once your account has been created and logged in, you can access all the content of the PIL ONLINE.org journal free of charge.<\/p>\t\t\t\t\t\t\t\t<\/div>\n\t\t\t\t<\/div>\n\t\t\t\t<div class=\"elementor-element elementor-element-e3dabb2 elementor-widget elementor-widget-n-accordion\" data-id=\"e3dabb2\" data-element_type=\"widget\" data-e-type=\"widget\" data-settings=\"{&quot;default_state&quot;:&quot;all_collapsed&quot;,&quot;max_items_expended&quot;:&quot;one&quot;,&quot;n_accordion_animation_duration&quot;:{&quot;unit&quot;:&quot;ms&quot;,&quot;size&quot;:400,&quot;sizes&quot;:[]}}\" data-widget_type=\"nested-accordion.default\">\n\t\t\t\t<div class=\"elementor-widget-container\">\n\t\t\t\t\t\t\t<div class=\"e-n-accordion\" aria-label=\"Accordion. Open links with Enter or Space, close with Escape, and navigate with Arrow Keys\">\n\t\t\t\t\t\t<details id=\"e-n-accordion-item-2380\" class=\"e-n-accordion-item\" >\n\t\t\t\t<summary class=\"e-n-accordion-item-title\" data-accordion-index=\"1\" tabindex=\"0\" aria-expanded=\"false\" aria-controls=\"e-n-accordion-item-2380\" >\n\t\t\t\t\t<span class='e-n-accordion-item-title-header'><div class=\"e-n-accordion-item-title-text\"> Why create an account ? <\/div><\/span>\n\t\t\t\t\t\t\t<span class='e-n-accordion-item-title-icon'>\n\t\t\t<span class='e-opened' ><svg aria-hidden=\"true\" class=\"e-font-icon-svg e-fas-minus\" viewbox=\"0 0 448 512\" xmlns=\"http:\/\/www.w3.org\/2000\/svg\"><path d=\"M416 208H32c-17.67 0-32 14.33-32 32v32c0 17.67 14.33 32 32 32h384c17.67 0 32-14.33 32-32v-32c0-17.67-14.33-32-32-32z\"><\/path><\/svg><\/span>\n\t\t\t<span class='e-closed'><svg aria-hidden=\"true\" class=\"e-font-icon-svg e-fas-plus\" viewbox=\"0 0 448 512\" xmlns=\"http:\/\/www.w3.org\/2000\/svg\"><path d=\"M416 208H272V64c0-17.67-14.33-32-32-32h-32c-17.67 0-32 14.33-32 32v144H32c-17.67 0-32 14.33-32 32v32c0 17.67 14.33 32 32 32h144v144c0 17.67 14.33 32 32 32h32c17.67 0 32-14.33 32-32V304h144c17.67 0 32-14.33 32-32v-32c0-17.67-14.33-32-32-32z\"><\/path><\/svg><\/span>\n\t\t<\/span>\n\n\t\t\t\t\t\t<\/summary>\n\t\t\t\t<div role=\"region\" aria-labelledby=\"e-n-accordion-item-2380\" class=\"elementor-element elementor-element-a06a6e0 e-con-full e-flex e-con e-child\" data-id=\"a06a6e0\" data-element_type=\"container\" data-e-type=\"container\">\n\t\t\t\t<div class=\"elementor-element elementor-element-63bbefd elementor-widget elementor-widget-text-editor\" data-id=\"63bbefd\" data-element_type=\"widget\" data-e-type=\"widget\" data-widget_type=\"text-editor.default\">\n\t\t\t\t<div class=\"elementor-widget-container\">\n\t\t\t\t\t\t\t\t\t<p>By creating a free account, you get unlimited access to:<\/p><p>\ud83d\udd2c Full transcripts of international conferences<\/p><p>\ud83c\udfa5 Videos of presentations given by leaders<\/p><p>\ud83d\udcc4 Scientific articles classified by theme and author<\/p><p>\ud83c\udf0d Detailed records of experts from around the world<\/p><p>\ud83d\udcc5 Exclusive diary of phlebological events<\/p>\t\t\t\t\t\t\t\t<\/div>\n\t\t\t\t<\/div>\n\t\t\t\t<\/div>\n\t\t\t\t\t<\/details>\n\t\t\t\t\t\t<details id=\"e-n-accordion-item-2381\" class=\"e-n-accordion-item\" >\n\t\t\t\t<summary class=\"e-n-accordion-item-title\" data-accordion-index=\"2\" tabindex=\"-1\" aria-expanded=\"false\" aria-controls=\"e-n-accordion-item-2381\" >\n\t\t\t\t\t<span class='e-n-accordion-item-title-header'><div class=\"e-n-accordion-item-title-text\"> Your data is protected <\/div><\/span>\n\t\t\t\t\t\t\t<span class='e-n-accordion-item-title-icon'>\n\t\t\t<span class='e-opened' ><svg aria-hidden=\"true\" class=\"e-font-icon-svg e-fas-minus\" viewbox=\"0 0 448 512\" xmlns=\"http:\/\/www.w3.org\/2000\/svg\"><path d=\"M416 208H32c-17.67 0-32 14.33-32 32v32c0 17.67 14.33 32 32 32h384c17.67 0 32-14.33 32-32v-32c0-17.67-14.33-32-32-32z\"><\/path><\/svg><\/span>\n\t\t\t<span class='e-closed'><svg aria-hidden=\"true\" class=\"e-font-icon-svg e-fas-plus\" viewbox=\"0 0 448 512\" xmlns=\"http:\/\/www.w3.org\/2000\/svg\"><path d=\"M416 208H272V64c0-17.67-14.33-32-32-32h-32c-17.67 0-32 14.33-32 32v144H32c-17.67 0-32 14.33-32 32v32c0 17.67 14.33 32 32 32h144v144c0 17.67 14.33 32 32 32h32c17.67 0 32-14.33 32-32V304h144c17.67 0 32-14.33 32-32v-32c0-17.67-14.33-32-32-32z\"><\/path><\/svg><\/span>\n\t\t<\/span>\n\n\t\t\t\t\t\t<\/summary>\n\t\t\t\t<div role=\"region\" aria-labelledby=\"e-n-accordion-item-2381\" class=\"elementor-element elementor-element-0c25586 e-con-full e-flex e-con e-child\" data-id=\"0c25586\" data-element_type=\"container\" data-e-type=\"container\">\n\t\t\t\t<div class=\"elementor-element elementor-element-416f173 elementor-widget elementor-widget-text-editor\" data-id=\"416f173\" data-element_type=\"widget\" data-e-type=\"widget\" data-widget_type=\"text-editor.default\">\n\t\t\t\t<div class=\"elementor-widget-container\">\n\t\t\t\t\t\t\t\t\t<p>PIL-ONLINE.org complies with RGPD standards. No data will be shared without your consent.<\/p>\t\t\t\t\t\t\t\t<\/div>\n\t\t\t\t<\/div>\n\t\t\t\t<\/div>\n\t\t\t\t\t<\/details>\n\t\t\t\t\t<\/div>\n\t\t\t\t\t\t<\/div>\n\t\t\t\t<\/div>\n\t\t\t\t<\/div>\n\t\t<div class=\"elementor-element elementor-element-b0b9f58 e-con-full e-flex e-con e-child\" data-id=\"b0b9f58\" data-element_type=\"container\" data-e-type=\"container\" data-settings=\"{&quot;background_background&quot;:&quot;classic&quot;}\">\n\t\t\t\t<div class=\"elementor-element elementor-element-41ffd61 e-n-tabs-mobile elementor-widget elementor-widget-n-tabs\" data-id=\"41ffd61\" data-element_type=\"widget\" data-e-type=\"widget\" data-settings=\"{&quot;horizontal_scroll&quot;:&quot;disable&quot;}\" data-widget_type=\"nested-tabs.default\">\n\t\t\t\t<div class=\"elementor-widget-container\">\n\t\t\t\t\t\t\t<div class=\"e-n-tabs\" data-widget-number=\"69205345\" aria-label=\"Onglets. Ouvrez des \u00e9l\u00e9ments avec Entrer ou Espace, fermez-les avec Echape et naviguez \u00e0 l&#039;aide des touches fl\u00e9ch\u00e9es.\" data-no-translation-aria-label=\"\">\n\t\t\t<div class=\"e-n-tabs-heading\" role=\"tablist\">\n\t\t\t\t\t<button id=\"e-n-tab-title-692053451\" data-tab-title-id=\"e-n-tab-title-692053451\" class=\"e-n-tab-title\" aria-selected=\"true\" data-tab-index=\"1\" role=\"tab\" tabindex=\"0\" aria-controls=\"e-n-tab-content-692053451\" style=\"--n-tabs-title-order: 1;\">\n\t\t\t\t\t\t<span class=\"e-n-tab-title-text\">\n\t\t\t\tLogin\t\t\t<\/span>\n\t\t<\/button>\n\t\t\t\t<button id=\"e-n-tab-title-692053452\" data-tab-title-id=\"e-n-tab-title-692053452\" class=\"e-n-tab-title\" aria-selected=\"false\" data-tab-index=\"2\" role=\"tab\" tabindex=\"-1\" aria-controls=\"e-n-tab-content-692053452\" style=\"--n-tabs-title-order: 2;\">\n\t\t\t\t\t\t<span class=\"e-n-tab-title-text\">\n\t\t\t\tCreate your account\t\t\t<\/span>\n\t\t<\/button>\n\t\t\t\t\t<\/div>\n\t\t\t<div class=\"e-n-tabs-content\">\n\t\t\t\t<div id=\"e-n-tab-content-692053451\" role=\"tabpanel\" aria-labelledby=\"e-n-tab-title-692053451\" data-tab-index=\"1\" style=\"--n-tabs-title-order: 1;\" class=\"e-active elementor-element elementor-element-f33e4d5 e-con-full e-flex e-con e-child\" data-id=\"f33e4d5\" data-element_type=\"container\" data-e-type=\"container\">\n\t\t\t\t<div class=\"elementor-element elementor-element-bade86d elementor-widget elementor-widget-shortcode\" data-id=\"bade86d\" data-element_type=\"widget\" data-e-type=\"widget\" data-widget_type=\"shortcode.default\">\n\t\t\t\t<div class=\"elementor-widget-container\">\n\t\t\t\t\t\t\t<div class=\"elementor-shortcode\"><div class=\"fls_auth_wrapper\"><div id=\"fls_login_form\" class=\"fls_login_wrapper\"><form name=\"loginform\" id=\"loginform\" action=\"https:\/\/www.pil-online.org\/fr\/\" method=\"post\" data-trp-original-action=\"https:\/\/www.pil-online.org\/\"><p class=\"login-username\">\n\t\t\t\t<label for=\"user_login\">Username or Email Address<\/label>\n\t\t\t\t<input type=\"text\" name=\"log\" id=\"user_login\" autocomplete=\"username\" class=\"input\" value=\"\" size=\"20\" \/>\n\t\t\t<\/p><p class=\"login-password\">\n\t\t\t\t<label for=\"user_pass\">Password<\/label>\n\t\t\t\t<input type=\"password\" name=\"pwd\" id=\"user_pass\" autocomplete=\"current-password\" class=\"input\" value=\"\" size=\"20\" \/>\n\t\t\t<\/p><p class=\"login-remember\"><label><input name=\"rememberme\" type=\"checkbox\" id=\"rememberme\" value=\"forever\" checked=\"checked\" \/> Remember Me<\/label><\/p><p class=\"login-submit\">\n\t\t\t\t<input type=\"submit\" name=\"wp-submit\" id=\"wp-submit\" class=\"button button-primary\" value=\"Log In\" \/>\n\t\t\t\t<input type=\"hidden\" name=\"redirect_to\" value=\"\" \/>\n\t\t\t<\/p><input type=\"hidden\" name=\"trp-form-language\" value=\"fr\"\/><\/form><p style=\"text-align: center\">Not registered? <a href=\"#\" id=\"fls_show_signup\">Create an Account<\/a><\/p><p style=\"text-align: center\">Forgot your password? <a href=\"#\" id=\"fls_show_reset_password\">Reset Password<\/a><\/p><\/div><div class=\"fls_registration_wrapper hide\"><form id=\"flsRegistrationForm\" class=\"fls_registration_form\" method=\"post\" name=\"fls_registration_form\" action=\"\"><div class=\"fls_registration_fields\"><div class=\"fls_field_group fls_field_first_name\"><div class=\"fls_field_label is-required\"><label for=\"fls_first_name\">First Name<\/label><\/div><div class=\"fs_input_wrap\"><input type=\"text\" id=\"fls_first_name\" placeholder=\"First Name\" name=\"first_name\" required><\/div><\/div><div class=\"fls_field_group fls_field_last_name\"><div class=\"fls_field_label\"><label for=\"fls_last_name\">Last Name<\/label><\/div><div class=\"fs_input_wrap\"><input type=\"text\" id=\"fls_last_name\" placeholder=\"Last Name\" name=\"last_name\" \/><\/div><\/div><div class=\"fls_field_group fls_field_username\"><div class=\"fls_field_label is-required\"><label for=\"fls_reg_username\">Username<\/label><\/div><div class=\"fs_input_wrap\"><input type=\"text\" id=\"fls_reg_username\" placeholder=\"Username\" name=\"username\" required><\/div><\/div><div class=\"fls_field_group fls_field_email\"><div class=\"fls_field_label is-required\"><label for=\"fls_reg_email\">Email Address<\/label><\/div><div class=\"fs_input_wrap\"><input type=\"email\" id=\"fls_reg_email\" placeholder=\"Your Email Address\" name=\"email\" required><\/div><\/div><div class=\"fls_field_group fls_field_password\"><div class=\"fls_field_label is-required\"><label for=\"fls_reg_password\">Password<\/label><\/div><div class=\"fs_input_wrap\"><input type=\"password\" id=\"fls_reg_password\" placeholder=\"Password\" name=\"password\" required><\/div><\/div><input type=\"hidden\" name=\"__redirect_to\" value=\"\"><input type=\"hidden\" name=\"_fls_signup_nonce\" value=\"c80f95c696\"><button type=\"submit\" id=\"fls_submit\"><svg version=\"1.1\" class=\"fls_loading_svg\" x=\"0px\" y=\"0px\" width=\"40px\" height=\"20px\" viewbox=\"0 0 50 50\" style=\"enable-background:new 0 0 50 50;\" xml:space=\"preserve\">\n            <path fill=\"currentColor\" d=\"M43.935,25.145c0-10.318-8.364-18.683-18.683-18.683c-10.318,0-18.683,8.365-18.683,18.683h4.068c0-8.071,6.543-14.615,14.615-14.615c8.072,0,14.615,6.543,14.615,14.615H43.935z\">\n              <animatetransform attributetype=\"xml\"\n                attributename=\"transform\"\n                type=\"rotate\"\n                from=\"0 25 25\"\n                to=\"360 25 25\"\n                dur=\"0.6s\"\n                repeatcount=\"indefinite\"\/>\n              <\/path>\n        <\/svg><span>Signup<\/span><\/button><\/div><input type=\"hidden\" name=\"trp-form-language\" value=\"fr\"\/><\/form><p style=\"text-align: center\">Already have an account? <a href=\"#\" id=\"fls_show_login\">Login<\/a><\/p><\/div><div class=\"fls_reset_pass_wrapper hide\"><form id=\"flsResetPasswordForm\" class=\"fls_reset_pass_form\" method=\"post\" name=\"fls_reset_pass_form\" action=\"\"><div class=\"fls_field_group fls_field_user_login\"><div class=\"fls_field_label is-required\"><label for=\"fls_email\">Email Address<\/label><\/div><div class=\"fs_input_wrap\"><input type=\"text\" id=\"fls_email\" placeholder=\"Your Email Address\" name=\"user_login\" required><\/div><\/div><input type=\"hidden\" name=\"__redirect_to\" value=\"\"><input type=\"hidden\" name=\"_fls_reset_pass_nonce\" value=\"e2ed3793a3\"><button type=\"submit\" id=\"fls_reset_pass\"><svg version=\"1.1\" class=\"fls_loading_svg\" x=\"0px\" y=\"0px\" width=\"40px\" height=\"20px\" viewbox=\"0 0 50 50\" style=\"enable-background:new 0 0 50 50;\" xml:space=\"preserve\">\n            <path fill=\"currentColor\" d=\"M43.935,25.145c0-10.318-8.364-18.683-18.683-18.683c-10.318,0-18.683,8.365-18.683,18.683h4.068c0-8.071,6.543-14.615,14.615-14.615c8.072,0,14.615,6.543,14.615,14.615H43.935z\">\n              <animatetransform attributetype=\"xml\"\n                attributename=\"transform\"\n                type=\"rotate\"\n                from=\"0 25 25\"\n                to=\"360 25 25\"\n                dur=\"0.6s\"\n                repeatcount=\"indefinite\"\/>\n              <\/path>\n        <\/svg><span>Reset Password<\/span><\/button><input type=\"hidden\" name=\"trp-form-language\" value=\"fr\"\/><\/form><\/div><\/div><\/div>\n\t\t\t\t\t\t<\/div>\n\t\t\t\t<\/div>\n\t\t\t\t<\/div>\n\t\t<div id=\"e-n-tab-content-692053452\" role=\"tabpanel\" aria-labelledby=\"e-n-tab-title-692053452\" data-tab-index=\"2\" style=\"--n-tabs-title-order: 2;\" class=\"elementor-element elementor-element-1a43670 e-con-full e-flex e-con e-child\" data-id=\"1a43670\" data-element_type=\"container\" data-e-type=\"container\">\n\t\t\t\t<div class=\"elementor-element elementor-element-c535575 elementor-widget elementor-widget-shortcode\" data-id=\"c535575\" data-element_type=\"widget\" data-e-type=\"widget\" data-widget_type=\"shortcode.default\">\n\t\t\t\t<div class=\"elementor-widget-container\">\n\t\t\t\t\t\t\t<div class=\"elementor-shortcode\"><div class=\"fls_registration_wrapper\"><form id=\"flsRegistrationForm\" class=\"fls_registration_form\" method=\"post\" name=\"fls_registration_form\" action=\"\"><div class=\"fls_registration_fields\"><div class=\"fls_field_group fls_field_first_name\"><div class=\"fls_field_label is-required\"><label for=\"fls_first_name\">First Name<\/label><\/div><div class=\"fs_input_wrap\"><input type=\"text\" id=\"fls_first_name\" placeholder=\"First Name\" name=\"first_name\" required><\/div><\/div><div class=\"fls_field_group fls_field_last_name\"><div class=\"fls_field_label\"><label for=\"fls_last_name\">Last Name<\/label><\/div><div class=\"fs_input_wrap\"><input type=\"text\" id=\"fls_last_name\" placeholder=\"Last Name\" name=\"last_name\" \/><\/div><\/div><div class=\"fls_field_group fls_field_username\"><div class=\"fls_field_label is-required\"><label for=\"fls_reg_username\">Username<\/label><\/div><div class=\"fs_input_wrap\"><input type=\"text\" id=\"fls_reg_username\" placeholder=\"Username\" name=\"username\" required><\/div><\/div><div class=\"fls_field_group fls_field_email\"><div class=\"fls_field_label is-required\"><label for=\"fls_reg_email\">Email Address<\/label><\/div><div class=\"fs_input_wrap\"><input type=\"email\" id=\"fls_reg_email\" placeholder=\"Your Email Address\" name=\"email\" required><\/div><\/div><div class=\"fls_field_group fls_field_password\"><div class=\"fls_field_label is-required\"><label for=\"fls_reg_password\">Password<\/label><\/div><div class=\"fs_input_wrap\"><input type=\"password\" id=\"fls_reg_password\" placeholder=\"Password\" name=\"password\" required><\/div><\/div><input type=\"hidden\" name=\"__redirect_to\" value=\"\"><input type=\"hidden\" name=\"_fls_signup_nonce\" value=\"c80f95c696\"><button type=\"submit\" id=\"fls_submit\"><svg version=\"1.1\" class=\"fls_loading_svg\" x=\"0px\" y=\"0px\" width=\"40px\" height=\"20px\" viewbox=\"0 0 50 50\" style=\"enable-background:new 0 0 50 50;\" xml:space=\"preserve\">\n            <path fill=\"currentColor\" d=\"M43.935,25.145c0-10.318-8.364-18.683-18.683-18.683c-10.318,0-18.683,8.365-18.683,18.683h4.068c0-8.071,6.543-14.615,14.615-14.615c8.072,0,14.615,6.543,14.615,14.615H43.935z\">\n              <animatetransform attributetype=\"xml\"\n                attributename=\"transform\"\n                type=\"rotate\"\n                from=\"0 25 25\"\n                to=\"360 25 25\"\n                dur=\"0.6s\"\n                repeatcount=\"indefinite\"\/>\n              <\/path>\n        <\/svg><span>Signup<\/span><\/button><\/div><input type=\"hidden\" name=\"trp-form-language\" value=\"fr\"\/><\/form><\/div><\/div>\n\t\t\t\t\t\t<\/div>\n\t\t\t\t<\/div>\n\t\t\t\t<\/div>\n\t\t\t\t\t<\/div>\n\t\t<\/div>\n\t\t\t\t\t\t<\/div>\n\t\t\t\t<\/div>\n\t\t\t\t<\/div>\n\t\t\t\t<\/div>\n\t\t<div class=\"elementor-element elementor-element-8f3234d e-flex e-con-boxed e-con e-parent\" data-id=\"8f3234d\" data-element_type=\"container\" data-e-type=\"container\">\n\t\t\t\t\t<div class=\"e-con-inner\">\n\t\t\t\t\t<\/div>\n\t\t\t\t<\/div>\n\t\t\t\t<\/div>","protected":false},"excerpt":{"rendered":"<p>Access reserved for members Once your account has been created and logged in, you can access all the content of the PIL ONLINE.org journal free of charge. Why create an account ? By creating a free account, you get unlimited access to: \ud83d\udd2c Full transcripts of international conferences \ud83c\udfa5 Videos of presentations given by leaders [&hellip;]<\/p>\n","protected":false},"author":1,"featured_media":0,"parent":0,"menu_order":0,"comment_status":"closed","ping_status":"closed","template":"","meta":{"_acf_changed":false,"footnotes":""},"class_list":["post-905","page","type-page","status-publish","hentry"],"blocksy_meta":[],"acf":[],"_links":{"self":[{"href":"https:\/\/www.pil-online.org\/fr\/wp-json\/wp\/v2\/pages\/905","targetHints":{"allow":["GET"]}}],"collection":[{"href":"https:\/\/www.pil-online.org\/fr\/wp-json\/wp\/v2\/pages"}],"about":[{"href":"https:\/\/www.pil-online.org\/fr\/wp-json\/wp\/v2\/types\/page"}],"author":[{"embeddable":true,"href":"https:\/\/www.pil-online.org\/fr\/wp-json\/wp\/v2\/users\/1"}],"replies":[{"embeddable":true,"href":"https:\/\/www.pil-online.org\/fr\/wp-json\/wp\/v2\/comments?post=905"}],"version-history":[{"count":55,"href":"https:\/\/www.pil-online.org\/fr\/wp-json\/wp\/v2\/pages\/905\/revisions"}],"predecessor-version":[{"id":1015,"href":"https:\/\/www.pil-online.org\/fr\/wp-json\/wp\/v2\/pages\/905\/revisions\/1015"}],"wp:attachment":[{"href":"https:\/\/www.pil-online.org\/fr\/wp-json\/wp\/v2\/media?parent=905"}],"curies":[{"name":"wp","href":"https:\/\/api.w.org\/{rel}","templated":true}]}}